{"id":219,"date":"2025-10-21T18:06:59","date_gmt":"2025-10-21T18:06:59","guid":{"rendered":"https:\/\/alhajasjewelry.com\/?product=estrella-de-mareas"},"modified":"2025-10-21T18:09:00","modified_gmt":"2025-10-21T18:09:00","slug":"estrella-de-mareas","status":"publish","type":"product","link":"https:\/\/alhajasjewelry.com\/?product=estrella-de-mareas","title":{"rendered":"Estrella de Mareas"},"content":{"rendered":"<p>Un amuleto de verano tejido con historias de mar. <\/p>\n<p>Estrella de Mareas es un collar hecho a mano con tela multicolor trenzada, salpicada de cuentas blancas que evocan espuma de olas. Su protagonista: una estrella de mar realista que cuelga como s\u00edmbolo de renovaci\u00f3n, descanso y conexi\u00f3n con lo profundo.<br \/>\nIdeal para llevar en la piel salada de la playa o como recordatorio de tu fuerza tranquila en d\u00edas urbanos. Cada pieza es \u00fanica, como los recuerdos que guarda.<\/p>\n","protected":false},"excerpt":{"rendered":"<p>Un amuleto de verano tejido con historias de mar. Estrella de Mareas es un collar hecho a mano con tela multicolor trenzada, salpicada de cuentas blancas que evocan espuma de olas. Su protagonista: una estrella de mar realista que cuelga como s\u00edmbolo de renovaci\u00f3n, descanso y conexi\u00f3n con lo profundo. Ideal para llevar en la [&hellip;]<\/p>\n","protected":false},"featured_media":218,"comment_status":"open","ping_status":"closed","template":"","meta":{"_et_pb_use_builder":"","_et_pb_old_content":"","_et_gb_content_width":""},"product_brand":[],"product_cat":[30],"product_tag":[],"class_list":{"0":"post-219","1":"product","2":"type-product","3":"status-publish","4":"has-post-thumbnail","6":"product_cat-collares-bandans","8":"first","9":"instock","10":"sold-individually","11":"shipping-taxable","12":"purchasable","13":"product-type-simple"},"jetpack_sharing_enabled":true,"_links":{"self":[{"href":"https:\/\/alhajasjewelry.com\/index.php?rest_route=\/wp\/v2\/product\/219","targetHints":{"allow":["GET"]}}],"collection":[{"href":"https:\/\/alhajasjewelry.com\/index.php?rest_route=\/wp\/v2\/product"}],"about":[{"href":"https:\/\/alhajasjewelry.com\/index.php?rest_route=\/wp\/v2\/types\/product"}],"replies":[{"embeddable":true,"href":"https:\/\/alhajasjewelry.com\/index.php?rest_route=%2Fwp%2Fv2%2Fcomments&post=219"}],"wp:featuredmedia":[{"embeddable":true,"href":"https:\/\/alhajasjewelry.com\/index.php?rest_route=\/wp\/v2\/media\/218"}],"wp:attachment":[{"href":"https:\/\/alhajasjewelry.com\/index.php?rest_route=%2Fwp%2Fv2%2Fmedia&parent=219"}],"wp:term":[{"taxonomy":"product_brand","embeddable":true,"href":"https:\/\/alhajasjewelry.com\/index.php?rest_route=%2Fwp%2Fv2%2Fproduct_brand&post=219"},{"taxonomy":"product_cat","embeddable":true,"href":"https:\/\/alhajasjewelry.com\/index.php?rest_route=%2Fwp%2Fv2%2Fproduct_cat&post=219"},{"taxonomy":"product_tag","embeddable":true,"href":"https:\/\/alhajasjewelry.com\/index.php?rest_route=%2Fwp%2Fv2%2Fproduct_tag&post=219"}],"curies":[{"name":"wp","href":"https:\/\/api.w.org\/{rel}","templated":true}]}}