{"id":211,"date":"2025-10-20T22:48:39","date_gmt":"2025-10-20T22:48:39","guid":{"rendered":"https:\/\/alhajasjewelry.com\/?post_type=product&#038;p=211"},"modified":"2025-10-21T18:08:11","modified_gmt":"2025-10-21T18:08:11","slug":"buddhandana","status":"publish","type":"product","link":"https:\/\/alhajasjewelry.com\/?product=buddhandana","title":{"rendered":"Buddhandana"},"content":{"rendered":"<p>Una pieza que entrelaza textil y memoria: pa\u00f1uelo estampado en tonos tierra y vino, acompa\u00f1ado por tres dijes que narran historias. Cer\u00e1mica pintada a mano, jade tallado y detalles dorados se unen en un dise\u00f1o que celebra lo artesanal, lo simb\u00f3lico y lo \u00fanico.<\/p>\n","protected":false},"excerpt":{"rendered":"<p>Una pieza que entrelaza textil y memoria: pa\u00f1uelo estampado en tonos tierra y vino, acompa\u00f1ado por tres dijes que narran historias. Cer\u00e1mica pintada a mano, jade tallado y detalles dorados se unen en un dise\u00f1o que celebra lo artesanal, lo simb\u00f3lico y lo \u00fanico.<\/p>\n","protected":false},"featured_media":213,"comment_status":"open","ping_status":"closed","template":"","meta":{"_et_pb_use_builder":"","_et_pb_old_content":"","_et_gb_content_width":""},"product_brand":[],"product_cat":[26,30],"product_tag":[],"class_list":{"0":"post-211","1":"product","2":"type-product","3":"status-publish","4":"has-post-thumbnail","6":"product_cat-collares","7":"product_cat-collares-bandans","9":"first","10":"instock","11":"sold-individually","12":"shipping-taxable","13":"purchasable","14":"product-type-simple"},"jetpack_sharing_enabled":true,"_links":{"self":[{"href":"https:\/\/alhajasjewelry.com\/index.php?rest_route=\/wp\/v2\/product\/211","targetHints":{"allow":["GET"]}}],"collection":[{"href":"https:\/\/alhajasjewelry.com\/index.php?rest_route=\/wp\/v2\/product"}],"about":[{"href":"https:\/\/alhajasjewelry.com\/index.php?rest_route=\/wp\/v2\/types\/product"}],"replies":[{"embeddable":true,"href":"https:\/\/alhajasjewelry.com\/index.php?rest_route=%2Fwp%2Fv2%2Fcomments&post=211"}],"wp:featuredmedia":[{"embeddable":true,"href":"https:\/\/alhajasjewelry.com\/index.php?rest_route=\/wp\/v2\/media\/213"}],"wp:attachment":[{"href":"https:\/\/alhajasjewelry.com\/index.php?rest_route=%2Fwp%2Fv2%2Fmedia&parent=211"}],"wp:term":[{"taxonomy":"product_brand","embeddable":true,"href":"https:\/\/alhajasjewelry.com\/index.php?rest_route=%2Fwp%2Fv2%2Fproduct_brand&post=211"},{"taxonomy":"product_cat","embeddable":true,"href":"https:\/\/alhajasjewelry.com\/index.php?rest_route=%2Fwp%2Fv2%2Fproduct_cat&post=211"},{"taxonomy":"product_tag","embeddable":true,"href":"https:\/\/alhajasjewelry.com\/index.php?rest_route=%2Fwp%2Fv2%2Fproduct_tag&post=211"}],"curies":[{"name":"wp","href":"https:\/\/api.w.org\/{rel}","templated":true}]}}