{"id":182,"date":"2025-09-15T01:20:15","date_gmt":"2025-09-15T01:20:15","guid":{"rendered":"https:\/\/alhajasjewelry.com\/?product=cosmica"},"modified":"2025-09-15T01:20:15","modified_gmt":"2025-09-15T01:20:15","slug":"cosmica","status":"publish","type":"product","link":"https:\/\/alhajasjewelry.com\/?product=cosmica","title":{"rendered":"C\u00f3smica"},"content":{"rendered":"<p>Un collar que celebra tu universo interior. Hecho a mano con textil vibrante y un dije dorado de luna y estrella, C\u00f3smica es m\u00e1s que un accesorio: es un recordatorio de que tu luz merece ser vista. Ideal para mujeres que caminan con intenci\u00f3n, estilo y amor propio. Porque s\u00ed, lo bueno viene a ti\u2026 y t\u00fa lo mereces todo.<\/p>\n","protected":false},"excerpt":{"rendered":"<p>Un collar que celebra tu universo interior. Hecho a mano con textil vibrante y un dije dorado de luna y estrella, C\u00f3smica es m\u00e1s que un accesorio: es un recordatorio de que tu luz merece ser vista. Ideal para mujeres que caminan con intenci\u00f3n, estilo y amor propio. Porque s\u00ed, lo bueno viene a ti\u2026 [&hellip;]<\/p>\n","protected":false},"featured_media":181,"comment_status":"open","ping_status":"closed","template":"","meta":{"_et_pb_use_builder":"","_et_pb_old_content":"","_et_gb_content_width":""},"product_brand":[],"product_cat":[30],"product_tag":[],"class_list":{"0":"post-182","1":"product","2":"type-product","3":"status-publish","4":"has-post-thumbnail","6":"product_cat-collares-bandans","8":"first","9":"instock","10":"sold-individually","11":"purchasable","12":"product-type-simple"},"jetpack_sharing_enabled":true,"_links":{"self":[{"href":"https:\/\/alhajasjewelry.com\/index.php?rest_route=\/wp\/v2\/product\/182","targetHints":{"allow":["GET"]}}],"collection":[{"href":"https:\/\/alhajasjewelry.com\/index.php?rest_route=\/wp\/v2\/product"}],"about":[{"href":"https:\/\/alhajasjewelry.com\/index.php?rest_route=\/wp\/v2\/types\/product"}],"replies":[{"embeddable":true,"href":"https:\/\/alhajasjewelry.com\/index.php?rest_route=%2Fwp%2Fv2%2Fcomments&post=182"}],"wp:featuredmedia":[{"embeddable":true,"href":"https:\/\/alhajasjewelry.com\/index.php?rest_route=\/wp\/v2\/media\/181"}],"wp:attachment":[{"href":"https:\/\/alhajasjewelry.com\/index.php?rest_route=%2Fwp%2Fv2%2Fmedia&parent=182"}],"wp:term":[{"taxonomy":"product_brand","embeddable":true,"href":"https:\/\/alhajasjewelry.com\/index.php?rest_route=%2Fwp%2Fv2%2Fproduct_brand&post=182"},{"taxonomy":"product_cat","embeddable":true,"href":"https:\/\/alhajasjewelry.com\/index.php?rest_route=%2Fwp%2Fv2%2Fproduct_cat&post=182"},{"taxonomy":"product_tag","embeddable":true,"href":"https:\/\/alhajasjewelry.com\/index.php?rest_route=%2Fwp%2Fv2%2Fproduct_tag&post=182"}],"curies":[{"name":"wp","href":"https:\/\/api.w.org\/{rel}","templated":true}]}}